{"id":8,"date":"2021-10-19T17:03:52","date_gmt":"2021-10-19T17:03:52","guid":{"rendered":"https:\/\/listinghive.hivepress.io\/?page_id=8"},"modified":"2024-03-07T16:11:49","modified_gmt":"2024-03-07T16:11:49","slug":"home","status":"publish","type":"page","link":"https:\/\/beradeironews.com.br\/classificados\/","title":{"rendered":"Home"},"content":{"rendered":"<h1 class=\"wp-block-heading has-text-align-center\">Descubra, Encontre, Adquira<\/h1><p class=\"has-text-align-center has-medium-font-size\">Busque im\u00f3veis, servi\u00e7os e itens \u00e0 venda em um \u00fanico site.<\/p><!--more-->\n<!--noteaser--><form class=\"hp-form--wide hp-form--primary hp-block hp-form hp-form--listing-search\" action=\"https:\/\/beradeironews.com.br\/classificados\" method=\"GET\" data-component=\"form\"><div class=\"hp-form__messages\" data-component=\"messages\"><\/div><div class=\"hp-form__fields\"><input type=\"hidden\" name=\"post_type\" value=\"hp_listing\" class=\"hp-field hp-field--hidden\"><select name=\"_category\" class=\"hp-field hp-field--hidden\"><option value=\"\">Todas as categorias<\/option><option value=\"26\">Loca\u00e7\u00e3o<\/option><option value=\"28\">Servi\u00e7os<\/option><option value=\"20\">A Venda<\/option><option value=\"74\" data-level=\"1\" data-parent=\"20\">M\u00e1quinas e Ferramentas<\/option><option value=\"75\" data-level=\"2\" data-parent=\"74\">Ferramentas<\/option><option value=\"76\" data-level=\"2\" data-parent=\"74\">M\u00e1quinas para Produ\u00e7\u00e3o Industrial<\/option><option value=\"77\" data-level=\"2\" data-parent=\"74\">M\u00e1quinas Agr\u00edcolas<\/option><option value=\"65\" data-level=\"1\" data-parent=\"20\">Moda e Beleza<\/option><option value=\"66\" data-level=\"2\" data-parent=\"65\">Roupas<\/option><option value=\"67\" data-level=\"2\" data-parent=\"65\">Cal\u00e7ados<\/option><option value=\"68\" data-level=\"2\" data-parent=\"65\">Acess\u00f3rios e Bijuterias<\/option><option value=\"69\" data-level=\"2\" data-parent=\"65\">Cosm\u00e9ticos e Perfumaria<\/option><option value=\"78\" data-level=\"1\" data-parent=\"20\">Infantil<\/option><option value=\"79\" data-level=\"2\" data-parent=\"78\">Brinquedos<\/option><option value=\"80\" data-level=\"2\" data-parent=\"78\">Roupas Infantis<\/option><option value=\"81\" data-level=\"2\" data-parent=\"78\">Artigos de Maternidade<\/option><option value=\"70\" data-level=\"1\" data-parent=\"20\">Esporte e Lazer<\/option><option value=\"71\" data-level=\"2\" data-parent=\"70\">Bicicletas<\/option><option value=\"72\" data-level=\"2\" data-parent=\"70\">Equipamentos e Artigos Esportivos<\/option><option value=\"73\" data-level=\"2\" data-parent=\"70\">Livros e Hobbies<\/option><option value=\"82\" data-level=\"1\" data-parent=\"20\">Outros<\/option><option value=\"49\" data-level=\"1\" data-parent=\"20\">Im\u00f3veis<\/option><option value=\"50\" data-level=\"2\" data-parent=\"49\">Venda Residencial<\/option><option value=\"51\" data-level=\"2\" data-parent=\"49\">Venda Comercial<\/option><option value=\"52\" data-level=\"2\" data-parent=\"49\">Terrenos<\/option><option value=\"35\" data-level=\"1\" data-parent=\"20\">Eletr\u00f4nicos e Celulares<\/option><option value=\"53\" data-level=\"2\" data-parent=\"35\">Telefones e Acess\u00f3rios<\/option><option value=\"54\" data-level=\"2\" data-parent=\"35\">Computadores e Acess\u00f3rios<\/option><option value=\"55\" data-level=\"2\" data-parent=\"35\">\u00c1udio, TV, V\u00eddeo e Fotografia<\/option><option value=\"56\" data-level=\"2\" data-parent=\"35\">Jogos e Consoles<\/option><option value=\"44\" data-level=\"1\" data-parent=\"20\">Autom\u00f3veis<\/option><option value=\"45\" data-level=\"2\" data-parent=\"44\">Carros<\/option><option value=\"46\" data-level=\"2\" data-parent=\"44\">Motocicletas<\/option><option value=\"47\" data-level=\"2\" data-parent=\"44\">Caminh\u00f5es e Comerciais<\/option><option value=\"48\" data-level=\"2\" data-parent=\"44\">Pe\u00e7as e Acess\u00f3rios<\/option><option value=\"60\" data-level=\"1\" data-parent=\"20\">Para a Casa<\/option><option value=\"63\" data-level=\"2\" data-parent=\"60\">Decora\u00e7\u00e3o<\/option><option value=\"64\" data-level=\"2\" data-parent=\"60\">Jardinagem e Constru\u00e7\u00e3o<\/option><option value=\"61\" data-level=\"2\" data-parent=\"60\">M\u00f3veis<\/option><option value=\"62\" data-level=\"2\" data-parent=\"60\">Eletrodom\u00e9sticos<\/option><\/select><div class=\"hp-form__field hp-form__field--search\"><input type=\"search\" name=\"s\" value=\"\" placeholder=\"Palavras-chave\" maxlength=\"256\" class=\"hp-field hp-field--search\"><\/div><\/div><div class=\"hp-form__footer\"><button type=\"submit\" class=\"hp-form__button button-primary alt button hp-field hp-field--submit\"><span>Pesquisar<\/span><\/button><\/div><\/form><div style=\"height:1px\" aria-hidden=\"true\" class=\"wp-block-spacer\"><\/div><h2 class=\"wp-block-heading has-text-align-center content-title\">Navegue por Categorias<\/h2><div class=\"hp-listing-categories hp-grid hp-block\"><div class=\"hp-row\"><div class=\"hp-grid__item hp-col-sm-4 hp-col-xs-12\"><article class=\"hp-listing-category hp-listing-category--view-block\"><header class=\"hp-listing-category__header\"><div class=\"hp-listing-category__image\">\n\t<a href=\"https:\/\/beradeironews.com.br\/classificados\/listing-category\/locacao\/\">\n\t\t\t\t\t<img decoding=\"async\" src=\"https:\/\/beradeironews.com.br\/classificados\/wp-content\/uploads\/2021\/11\/image-12-400x533.jpg\" alt=\"Loca\u00e7\u00e3o\" loading=\"lazy\">\n\t\t\t<\/a>\n<\/div>\n<div class=\"hp-listing-category__item-count hp-listing-category__count\">An\u00fancio de 0<\/div>\n<\/header><div class=\"hp-listing-category__content\"><h3 class=\"hp-listing-category__name\"><a href=\"https:\/\/beradeironews.com.br\/classificados\/listing-category\/locacao\/\">Loca\u00e7\u00e3o<\/a>\n<\/h3><div class=\"hp-listing-category__details hp-listing-category__details--primary\"><div class=\"hp-listing-category__item-count hp-listing-category__count\">An\u00fancio de 0<\/div>\n<\/div>\t<div class=\"hp-listing-category__description\">Mauris eget tortor ultrices.<\/div>\n\t<\/div><\/article><\/div><div class=\"hp-grid__item hp-col-sm-4 hp-col-xs-12\"><article class=\"hp-listing-category hp-listing-category--view-block\"><header class=\"hp-listing-category__header\"><div class=\"hp-listing-category__image\">\n\t<a href=\"https:\/\/beradeironews.com.br\/classificados\/listing-category\/servicos\/\">\n\t\t\t\t\t<img decoding=\"async\" src=\"https:\/\/beradeironews.com.br\/classificados\/wp-content\/uploads\/2021\/11\/image-21-400x533.jpg\" alt=\"Servi\u00e7os\" loading=\"lazy\">\n\t\t\t<\/a>\n<\/div>\n<div class=\"hp-listing-category__item-count hp-listing-category__count\">An\u00fancio de 0<\/div>\n<\/header><div class=\"hp-listing-category__content\"><h3 class=\"hp-listing-category__name\"><a href=\"https:\/\/beradeironews.com.br\/classificados\/listing-category\/servicos\/\">Servi\u00e7os<\/a>\n<\/h3><div class=\"hp-listing-category__details hp-listing-category__details--primary\"><div class=\"hp-listing-category__item-count hp-listing-category__count\">An\u00fancio de 0<\/div>\n<\/div>\t<div class=\"hp-listing-category__description\">Cras nec pretium mauris.<\/div>\n\t<\/div><\/article><\/div><div class=\"hp-grid__item hp-col-sm-4 hp-col-xs-12\"><article class=\"hp-listing-category hp-listing-category--view-block\"><header class=\"hp-listing-category__header\"><div class=\"hp-listing-category__image\">\n\t<a href=\"https:\/\/beradeironews.com.br\/classificados\/listing-category\/a-venda\/\">\n\t\t\t\t\t<img decoding=\"async\" src=\"https:\/\/beradeironews.com.br\/classificados\/wp-content\/uploads\/2021\/11\/image-22-400x533.jpg\" alt=\"A Venda\" loading=\"lazy\">\n\t\t\t<\/a>\n<\/div>\n<div class=\"hp-listing-category__item-count hp-listing-category__count\">An\u00fancio de 0<\/div>\n<\/header><div class=\"hp-listing-category__content\"><h3 class=\"hp-listing-category__name\"><a href=\"https:\/\/beradeironews.com.br\/classificados\/listing-category\/a-venda\/\">A Venda<\/a>\n<\/h3><div class=\"hp-listing-category__details hp-listing-category__details--primary\"><div class=\"hp-listing-category__item-count hp-listing-category__count\">An\u00fancio de 0<\/div>\n<\/div>\t<div class=\"hp-listing-category__description\">Nullam nisi sed luctus.<\/div>\n\t<\/div><\/article><\/div><\/div><\/div><h2 class=\"wp-block-heading has-text-align-center content-title\">An\u00fancios Recentes<\/h2>","protected":false},"excerpt":{"rendered":"<p>Descubra, Encontre, Adquira Busque im\u00f3veis, servi\u00e7os e itens \u00e0 venda em um \u00fanico site.<\/p>\n","protected":false},"author":1,"featured_media":0,"parent":0,"menu_order":0,"comment_status":"closed","ping_status":"closed","template":"","meta":{"footnotes":""},"class_list":["post-8","page","type-page","status-publish","hentry"],"jetpack_sharing_enabled":true,"_links":{"self":[{"href":"https:\/\/beradeironews.com.br\/classificados\/wp-json\/wp\/v2\/pages\/8","targetHints":{"allow":["GET"]}}],"collection":[{"href":"https:\/\/beradeironews.com.br\/classificados\/wp-json\/wp\/v2\/pages"}],"about":[{"href":"https:\/\/beradeironews.com.br\/classificados\/wp-json\/wp\/v2\/types\/page"}],"author":[{"embeddable":true,"href":"https:\/\/beradeironews.com.br\/classificados\/wp-json\/wp\/v2\/users\/1"}],"replies":[{"embeddable":true,"href":"https:\/\/beradeironews.com.br\/classificados\/wp-json\/wp\/v2\/comments?post=8"}],"version-history":[{"count":3,"href":"https:\/\/beradeironews.com.br\/classificados\/wp-json\/wp\/v2\/pages\/8\/revisions"}],"predecessor-version":[{"id":174,"href":"https:\/\/beradeironews.com.br\/classificados\/wp-json\/wp\/v2\/pages\/8\/revisions\/174"}],"wp:attachment":[{"href":"https:\/\/beradeironews.com.br\/classificados\/wp-json\/wp\/v2\/media?parent=8"}],"curies":[{"name":"wp","href":"https:\/\/api.w.org\/{rel}","templated":true}]}}